{"id":427,"date":"2024-10-18T09:51:41","date_gmt":"2024-10-18T07:51:41","guid":{"rendered":"https:\/\/momentsgourmet.com\/politica-de-accesibilidad\/"},"modified":"2024-12-12T15:07:17","modified_gmt":"2024-12-12T14:07:17","slug":"politica-accessibilitat","status":"publish","type":"page","link":"https:\/\/momentsgourmet.com\/ca\/politica-accessibilitat\/","title":{"rendered":"Pol\u00edtica d&#8217;accessibilitat"},"content":{"rendered":"<p>[et_pb_section fb_built=&#8221;1&#8243; _builder_version=&#8221;4.27.0&#8243; _module_preset=&#8221;default&#8221; global_colors_info=&#8221;{}&#8221;][et_pb_row column_structure=&#8221;1_5,3_5,1_5&#8243; _builder_version=&#8221;4.27.0&#8243; _module_preset=&#8221;default&#8221; global_colors_info=&#8221;{}&#8221;][et_pb_column type=&#8221;1_5&#8243; _builder_version=&#8221;4.27.0&#8243; _module_preset=&#8221;default&#8221; global_colors_info=&#8221;{}&#8221;][\/et_pb_column][et_pb_column type=&#8221;3_5&#8243; _builder_version=&#8221;4.27.0&#8243; _module_preset=&#8221;default&#8221; global_colors_info=&#8221;{}&#8221;][et_pb_heading title=&#8221;Pol\u00edtica d&#8217;accessibilitat&#8221; _builder_version=&#8221;4.27.2&#8243; _module_preset=&#8221;default&#8221; title_font=&#8221;&#8211;et_global_heading_font|700|||||||&#8221; title_text_color=&#8221;#6D563B&#8221; title_font_size=&#8221;48px&#8221; global_colors_info=&#8221;{}&#8221;][\/et_pb_heading][et_pb_text _builder_version=&#8221;4.27.2&#8243; _module_preset=&#8221;default&#8221; text_font_size=&#8221;16px&#8221; global_colors_info=&#8221;{}&#8221;]<\/p>\n<p>Creem fermament que Internet ha d&#8217;estar disponible i accessible per a tothom, i estem compromesos a proporcionar un lloc web que sigui accessible per a l&#8217;audi\u00e8ncia m\u00e9s \u00e0mplia possible, independentment de les circumst\u00e0ncies i la capacitat.<\/p>\n<p>Per complir amb aix\u00f2, el nostre objectiu \u00e9s adherir-nos el m\u00e9s estrictament possible a les Directrius d\u2019Accessibilitat al Contingut Web 2.1 (WCAG 2.1) del Consorci World Wide Web (W3C) al nivell AA. Aquestes pautes expliquen com fer que el contingut web sigui accessible per a persones amb una \u00e0mplia gamma de discapacitats. Complir aquestes pautes ens ajuda a garantir que el lloc web sigui accessible per a totes les persones: persones cecs, persones amb discapacitat motora, discapacitat visual, discapacitat cognitiva i m\u00e9s.<\/p>\n<p>Aquest lloc web utilitza diverses tecnologies destinades a fer-lo el m\u00e9s accessible possible en tot moment. Utilitzem una interf\u00edcie d&#8217;accessibilitat que permet a les persones amb discapacitats espec\u00edfiques ajustar la interf\u00edcie d&#8217;usuari (interf\u00edcie d&#8217;usuari) del lloc web i dissenyar-la segons les seves necessitats personals.<\/p>\n<p>A m\u00e9s, el lloc web utilitza una aplicaci\u00f3 basada en IA que s&#8217;executa en segon pla i optimitza constantment el seu nivell d&#8217;accessibilitat. Aquesta aplicaci\u00f3 repara el HTML del lloc web, adapta la seva funcionalitat i comportament per als lectors de pantalla utilitzats per usuaris cecs i per a les funcions del teclat utilitzades per persones amb discapacitat motora.<\/p>\n<p>Si ha trobat un mal funcionament o t\u00e9 idees per millorar, estarem encantats de saber-ho. Podeu comunicar-vos amb els operadors del lloc web utilitzant el seg\u00fcent correu electr\u00f2nic <a href=\"mailto:info@momentsgourmet.cat\">info@momentsgourmet.cat<\/a><\/p>\n<p><strong>Lector de pantalla i navegaci\u00f3 amb teclat<\/strong><\/p>\n<p>El nostre lloc web implementa la t\u00e8cnica d&#8217;atributs ARIA (Accessible Rich Internet Applications), juntament amb diversos canvis de comportament diferents, per garantir que els usuaris cecs que visiten amb lectors de pantalla puguin llegir, comprendre i gaudir de les funcions del lloc web. Tan aviat com un usuari amb un lector de pantalla ingressa al seu lloc, immediatament rep un av\u00eds per ingressar al perfil de lector de pantalla perqu\u00e8 pugui navegar i operar el seu lloc de manera efectiva. Aix\u00ed \u00e9s com el nostre lloc web cobreix alguns dels requisits m\u00e9s importants del lector de pantalla, juntament amb captures de pantalla de consola d&#8217;exemples de codi:<\/p>\n<p><strong>Optimitzaci\u00f3 del lector de pantalla:<\/strong> executem un proc\u00e9s en segon pla que apr\u00e8n els components del lloc web de dalt a baix, per garantir el compliment continu fins i tot quan s&#8217;actualitza el lloc web. En aquest proc\u00e9s, proporcionem als lectors de pantalla dades significatives utilitzant el conjunt d&#8217;atributs ARIA. Per exemple, proporcionem etiquetes de formulari precises; descripcions d&#8217;icones accionables (icones de xarxes socials, icones de cerca, icones de carret, etc.); guia de validaci\u00f3 per a entrades de formulari; rols d&#8217;elements com botons, men\u00fas, di\u00e0legs modals (ventanes emergents) i altres. A m\u00e9s, el proc\u00e9s en segon pla escaneja totes les imatges del lloc web i proporciona una descripci\u00f3 precisa i significativa basada en el reconeixement d&#8217;objectes d&#8217;imatge com una etiqueta ALT (text alternatiu) per a les imatges que no es descriuen.<\/p>\n<p>Tamb\u00e9 extraur\u00e0 textos que estan incrustats dins de la imatge, utilitzant una tecnologia OCR (reconeixement \u00f2ptic de car\u00e0cters). Per activar els ajustos del lector de pantalla en qualsevol moment, els usuaris nom\u00e9s necessiten pr\u00e9mer la combinaci\u00f3 de teclat Alt+1. Els usuaris de lectors de pantalla tamb\u00e9 reben anuncis autom\u00e0tics per activar el mode de lector de pantalla tan aviat com ingressen al lloc web.<\/p>\n<p>Aquests ajustos s\u00f3n compatibles amb tots els lectors de pantalla populars, inclosos JAWS i NVDA.<\/p>\n<p><strong>Optimitzaci\u00f3 de la navegaci\u00f3 amb teclat:<\/strong> el proc\u00e9s en segon pla tamb\u00e9 ajusta el HTML del lloc web i afegeix diversos comportaments mitjan\u00e7ant l&#8217;\u00fas de codi JavaScript perqu\u00e8 el lloc web funcioni amb el teclat. Aix\u00f2 inclou la capacitat de navegar pel lloc web utilitzant les tecles Tab i Shift+Tab, operar els men\u00fas desplegables amb les tecles de fletxa, tancar-los amb Esc, activar botons i enlla\u00e7os utilitzant la tecla Enter, navegar entre elements de r\u00e0dio i caselles de verificaci\u00f3 utilitzant les tecles de fletxa, i omplir-los amb la barra espaiadora o la tecla Intro.<\/p>\n<p>A m\u00e9s, els usuaris de teclat trobaran men\u00fas de navegaci\u00f3 r\u00e0pida i de salt de contingut, disponibles en qualsevol moment fent clic a Alt+1, o com els primers elements del lloc mentre naveguen amb el teclat. El proc\u00e9s en segon pla tamb\u00e9 maneja les finestres emergents activades movent el focus del teclat cap a elles tan aviat com apareixen, i no permet que el focus es desvi\u00ef fora d&#8217;ell.<\/p>\n<p>Els usuaris tamb\u00e9 poden usar accessos directes com \u201cM\u201d (men\u00fas), \u201cH\u201d (encap\u00e7alaments), \u201cF\u201d (formularis), \u201cB\u201d (botons) i \u201cG\u201d (gr\u00e0fics) per saltar a elements espec\u00edfics.<\/p>\n<p><strong>Perfiles de discapacitat admesos al nostre lloc web<\/strong><\/p>\n<ul>\n<li>Mode segur per a epilepsia: aquest perfil permet a les persones amb epilepsia utilitzar el lloc web de manera segura eliminant el risc de convulsions que resulten de les animacions parpellejants o destellants i les combinacions de colors arriscades.<\/li>\n<li>Mode per a persones amb discapacitat visual: aquest mode ajusta el lloc web per a la comoditat dels usuaris amb discapacitats visuals, com visi\u00f3 degradada, visi\u00f3 de t\u00fanel, cataractes, glaucoma i altres.<\/li>\n<li>Mode de discapacitat cognitiva: aquest mode proporciona diferents opcions d&#8217;assist\u00e8ncia per ajudar els usuaris amb defici\u00e8ncies cognitives com disl\u00e8xia, autisme, CVA i altres, a concentrar-se en els elements essencials del lloc web amb m\u00e9s facilitat.<\/li>\n<\/ul>\n<p>[\/et_pb_text][\/et_pb_column][et_pb_column type=&#8221;1_5&#8243; _builder_version=&#8221;4.27.0&#8243; _module_preset=&#8221;default&#8221; global_colors_info=&#8221;{}&#8221;][\/et_pb_column][\/et_pb_row][\/et_pb_section]<\/p>\n","protected":false},"excerpt":{"rendered":"<p>Creem fermament que Internet ha d&#8217;estar disponible i accessible per a tothom, i estem compromesos a proporcionar un lloc web que sigui accessible per a l&#8217;audi\u00e8ncia m\u00e9s \u00e0mplia possible, independentment de les circumst\u00e0ncies i la capacitat. Per complir amb aix\u00f2, el nostre objectiu \u00e9s adherir-nos el m\u00e9s estrictament possible a les Directrius d\u2019Accessibilitat al Contingut Web 2.1 (WCAG 2.1) del Consorci World Wide Web (W3C) al nivell AA. Aquestes pautes expliquen com fer que el contingut web sigui accessible per a persones amb una \u00e0mplia gamma de discapacitats. Complir aquestes pautes ens ajuda a garantir que el lloc web sigui accessible per a totes les persones: persones cecs, persones amb discapacitat motora, discapacitat visual, discapacitat cognitiva i m\u00e9s. Aquest lloc web utilitza diverses tecnologies destinades a fer-lo el m\u00e9s accessible possible en tot moment. Utilitzem una interf\u00edcie d&#8217;accessibilitat que permet a les persones amb discapacitats espec\u00edfiques ajustar la interf\u00edcie d&#8217;usuari (interf\u00edcie d&#8217;usuari) del lloc web i dissenyar-la segons les seves necessitats personals. A m\u00e9s, el lloc web utilitza una aplicaci\u00f3 basada en IA que s&#8217;executa en segon pla i optimitza constantment el seu nivell d&#8217;accessibilitat. Aquesta aplicaci\u00f3 repara el HTML del lloc web, adapta la seva funcionalitat i comportament per [&hellip;]<\/p>\n","protected":false},"author":2,"featured_media":0,"parent":0,"menu_order":0,"comment_status":"closed","ping_status":"closed","template":"","meta":{"_et_pb_use_builder":"on","_et_pb_old_content":"","_et_gb_content_width":"","footnotes":""},"class_list":["post-427","page","type-page","status-publish","hentry"],"yoast_head":"<!-- This site is optimized with the Yoast SEO plugin v27.5 - https:\/\/yoast.com\/product\/yoast-seo-wordpress\/ -->\n<title>Pol\u00edtica d&#039;accessibilitat - Moments Gourmet<\/title>\n<meta name=\"robots\" content=\"noindex, nofollow\" \/>\n<meta property=\"og:locale\" content=\"ca_ES\" \/>\n<meta property=\"og:type\" content=\"article\" \/>\n<meta property=\"og:title\" content=\"Pol\u00edtica d&#039;accessibilitat - Moments Gourmet\" \/>\n<meta property=\"og:description\" content=\"Creem fermament que Internet ha d&#039;estar disponible i accessible per a tothom, i estem compromesos a proporcionar un lloc web que sigui accessible per a l&#039;audi\u00e8ncia m\u00e9s \u00e0mplia possible, independentment de les circumst\u00e0ncies i la capacitat. Per complir amb aix\u00f2, el nostre objectiu \u00e9s adherir-nos el m\u00e9s estrictament possible a les Directrius d\u2019Accessibilitat al Contingut Web 2.1 (WCAG 2.1) del Consorci World Wide Web (W3C) al nivell AA. Aquestes pautes expliquen com fer que el contingut web sigui accessible per a persones amb una \u00e0mplia gamma de discapacitats. Complir aquestes pautes ens ajuda a garantir que el lloc web sigui accessible per a totes les persones: persones cecs, persones amb discapacitat motora, discapacitat visual, discapacitat cognitiva i m\u00e9s. Aquest lloc web utilitza diverses tecnologies destinades a fer-lo el m\u00e9s accessible possible en tot moment. Utilitzem una interf\u00edcie d&#039;accessibilitat que permet a les persones amb discapacitats espec\u00edfiques ajustar la interf\u00edcie d&#039;usuari (interf\u00edcie d&#039;usuari) del lloc web i dissenyar-la segons les seves necessitats personals. A m\u00e9s, el lloc web utilitza una aplicaci\u00f3 basada en IA que s&#039;executa en segon pla i optimitza constantment el seu nivell d&#039;accessibilitat. Aquesta aplicaci\u00f3 repara el HTML del lloc web, adapta la seva funcionalitat i comportament per [&hellip;]\" \/>\n<meta property=\"og:url\" content=\"https:\/\/momentsgourmet.com\/ca\/politica-accessibilitat\/\" \/>\n<meta property=\"og:site_name\" content=\"Moments Gourmet\" \/>\n<meta property=\"article:modified_time\" content=\"2024-12-12T14:07:17+00:00\" \/>\n<meta name=\"twitter:card\" content=\"summary_large_image\" \/>\n<meta name=\"twitter:label1\" content=\"Temps estimat de lectura\" \/>\n\t<meta name=\"twitter:data1\" content=\"5 minuts\" \/>\n<script type=\"application\/ld+json\" class=\"yoast-schema-graph\">{\"@context\":\"https:\\\/\\\/schema.org\",\"@graph\":[{\"@type\":\"WebPage\",\"@id\":\"https:\\\/\\\/momentsgourmet.com\\\/ca\\\/politica-accessibilitat\\\/\",\"url\":\"https:\\\/\\\/momentsgourmet.com\\\/ca\\\/politica-accessibilitat\\\/\",\"name\":\"Pol\u00edtica d'accessibilitat - Moments Gourmet\",\"isPartOf\":{\"@id\":\"https:\\\/\\\/momentsgourmet.com\\\/ca\\\/#website\"},\"datePublished\":\"2024-10-18T07:51:41+00:00\",\"dateModified\":\"2024-12-12T14:07:17+00:00\",\"breadcrumb\":{\"@id\":\"https:\\\/\\\/momentsgourmet.com\\\/ca\\\/politica-accessibilitat\\\/#breadcrumb\"},\"inLanguage\":\"ca\",\"potentialAction\":[{\"@type\":\"ReadAction\",\"target\":[\"https:\\\/\\\/momentsgourmet.com\\\/ca\\\/politica-accessibilitat\\\/\"]}]},{\"@type\":\"BreadcrumbList\",\"@id\":\"https:\\\/\\\/momentsgourmet.com\\\/ca\\\/politica-accessibilitat\\\/#breadcrumb\",\"itemListElement\":[{\"@type\":\"ListItem\",\"position\":1,\"name\":\"Portada\",\"item\":\"https:\\\/\\\/momentsgourmet.com\\\/ca\\\/\"},{\"@type\":\"ListItem\",\"position\":2,\"name\":\"Pol\u00edtica d&#8217;accessibilitat\"}]},{\"@type\":\"WebSite\",\"@id\":\"https:\\\/\\\/momentsgourmet.com\\\/ca\\\/#website\",\"url\":\"https:\\\/\\\/momentsgourmet.com\\\/ca\\\/\",\"name\":\"Moments Gourmet\",\"description\":\"Experiencias gastron\u00f3micas \u00fanicas\",\"potentialAction\":[{\"@type\":\"SearchAction\",\"target\":{\"@type\":\"EntryPoint\",\"urlTemplate\":\"https:\\\/\\\/momentsgourmet.com\\\/ca\\\/?s={search_term_string}\"},\"query-input\":{\"@type\":\"PropertyValueSpecification\",\"valueRequired\":true,\"valueName\":\"search_term_string\"}}],\"inLanguage\":\"ca\"}]}<\/script>\n<!-- \/ Yoast SEO plugin. -->","yoast_head_json":{"title":"Pol\u00edtica d'accessibilitat - Moments Gourmet","robots":{"index":"noindex","follow":"nofollow"},"og_locale":"ca_ES","og_type":"article","og_title":"Pol\u00edtica d'accessibilitat - Moments Gourmet","og_description":"Creem fermament que Internet ha d'estar disponible i accessible per a tothom, i estem compromesos a proporcionar un lloc web que sigui accessible per a l'audi\u00e8ncia m\u00e9s \u00e0mplia possible, independentment de les circumst\u00e0ncies i la capacitat. Per complir amb aix\u00f2, el nostre objectiu \u00e9s adherir-nos el m\u00e9s estrictament possible a les Directrius d\u2019Accessibilitat al Contingut Web 2.1 (WCAG 2.1) del Consorci World Wide Web (W3C) al nivell AA. Aquestes pautes expliquen com fer que el contingut web sigui accessible per a persones amb una \u00e0mplia gamma de discapacitats. Complir aquestes pautes ens ajuda a garantir que el lloc web sigui accessible per a totes les persones: persones cecs, persones amb discapacitat motora, discapacitat visual, discapacitat cognitiva i m\u00e9s. Aquest lloc web utilitza diverses tecnologies destinades a fer-lo el m\u00e9s accessible possible en tot moment. Utilitzem una interf\u00edcie d'accessibilitat que permet a les persones amb discapacitats espec\u00edfiques ajustar la interf\u00edcie d'usuari (interf\u00edcie d'usuari) del lloc web i dissenyar-la segons les seves necessitats personals. A m\u00e9s, el lloc web utilitza una aplicaci\u00f3 basada en IA que s'executa en segon pla i optimitza constantment el seu nivell d'accessibilitat. Aquesta aplicaci\u00f3 repara el HTML del lloc web, adapta la seva funcionalitat i comportament per [&hellip;]","og_url":"https:\/\/momentsgourmet.com\/ca\/politica-accessibilitat\/","og_site_name":"Moments Gourmet","article_modified_time":"2024-12-12T14:07:17+00:00","twitter_card":"summary_large_image","twitter_misc":{"Temps estimat de lectura":"5 minuts"},"schema":{"@context":"https:\/\/schema.org","@graph":[{"@type":"WebPage","@id":"https:\/\/momentsgourmet.com\/ca\/politica-accessibilitat\/","url":"https:\/\/momentsgourmet.com\/ca\/politica-accessibilitat\/","name":"Pol\u00edtica d'accessibilitat - Moments Gourmet","isPartOf":{"@id":"https:\/\/momentsgourmet.com\/ca\/#website"},"datePublished":"2024-10-18T07:51:41+00:00","dateModified":"2024-12-12T14:07:17+00:00","breadcrumb":{"@id":"https:\/\/momentsgourmet.com\/ca\/politica-accessibilitat\/#breadcrumb"},"inLanguage":"ca","potentialAction":[{"@type":"ReadAction","target":["https:\/\/momentsgourmet.com\/ca\/politica-accessibilitat\/"]}]},{"@type":"BreadcrumbList","@id":"https:\/\/momentsgourmet.com\/ca\/politica-accessibilitat\/#breadcrumb","itemListElement":[{"@type":"ListItem","position":1,"name":"Portada","item":"https:\/\/momentsgourmet.com\/ca\/"},{"@type":"ListItem","position":2,"name":"Pol\u00edtica d&#8217;accessibilitat"}]},{"@type":"WebSite","@id":"https:\/\/momentsgourmet.com\/ca\/#website","url":"https:\/\/momentsgourmet.com\/ca\/","name":"Moments Gourmet","description":"Experiencias gastron\u00f3micas \u00fanicas","potentialAction":[{"@type":"SearchAction","target":{"@type":"EntryPoint","urlTemplate":"https:\/\/momentsgourmet.com\/ca\/?s={search_term_string}"},"query-input":{"@type":"PropertyValueSpecification","valueRequired":true,"valueName":"search_term_string"}}],"inLanguage":"ca"}]}},"_links":{"self":[{"href":"https:\/\/momentsgourmet.com\/ca\/wp-json\/wp\/v2\/pages\/427","targetHints":{"allow":["GET"]}}],"collection":[{"href":"https:\/\/momentsgourmet.com\/ca\/wp-json\/wp\/v2\/pages"}],"about":[{"href":"https:\/\/momentsgourmet.com\/ca\/wp-json\/wp\/v2\/types\/page"}],"author":[{"embeddable":true,"href":"https:\/\/momentsgourmet.com\/ca\/wp-json\/wp\/v2\/users\/2"}],"replies":[{"embeddable":true,"href":"https:\/\/momentsgourmet.com\/ca\/wp-json\/wp\/v2\/comments?post=427"}],"version-history":[{"count":3,"href":"https:\/\/momentsgourmet.com\/ca\/wp-json\/wp\/v2\/pages\/427\/revisions"}],"predecessor-version":[{"id":432,"href":"https:\/\/momentsgourmet.com\/ca\/wp-json\/wp\/v2\/pages\/427\/revisions\/432"}],"wp:attachment":[{"href":"https:\/\/momentsgourmet.com\/ca\/wp-json\/wp\/v2\/media?parent=427"}],"curies":[{"name":"wp","href":"https:\/\/api.w.org\/{rel}","templated":true}]}}